{"id":612,"date":"2014-07-30T22:53:43","date_gmt":"2014-07-30T19:53:43","guid":{"rendered":"http:\/\/www.creafone.com\/?page_id=35"},"modified":"2014-07-30T22:53:43","modified_gmt":"2014-07-30T19:53:43","slug":"tele-satis","status":"publish","type":"page","link":"https:\/\/www.creafone.com\/en\/tele-satis\/","title":{"rendered":"Tele Sat\u0131\u015f"},"content":{"rendered":"<p><a href=\"http:\/\/www.creafone.com\/wp-content\/uploads\/2014\/07\/TeleSatis1.png\"><img fetchpriority=\"high\" decoding=\"async\" class=\"alignleft wp-image-405 size-full\" title=\"Tele Sat\u0131\u015f\" src=\"http:\/\/www.creafone.com\/wp-content\/uploads\/2014\/07\/TeleSatis1.png\" alt=\"Tele Sat\u0131\u015f\" width=\"283\" height=\"178\" \/><\/a><\/p>\n<p>Tele Sat\u0131\u015f ekibi potansiyel m\u00fc\u015fterilerinizi\u00a0s\u00fcrekli ve ikna edici bir \u015fekilde sat\u0131\u015fa \u00e7evirir.<br \/>\nProfesyonel Tele sat\u0131\u015f tak\u0131m\u0131 sat\u0131\u015f\u00a0oran\u0131n\u0131z\u0131 y\u00fckseltirken sat\u0131\u015f ba\u015f\u0131na d\u00fc\u015fen maliyetlerinizi azalt\u0131r.<br \/>\nEtkili Tele Sat\u0131\u015f spesifik uzmanl\u0131k gerektirir. Bu uzmanl\u0131\u011f\u0131 d\u0131\u015f kaynak kullanarak sa\u011flamak paran\u0131z\u0131 korur ve \u015fimdiki ihtiya\u00e7lar\u0131n\u0131za uygun Tele Sat\u0131\u015f tak\u0131m\u0131yla tan\u0131\u015fman\u0131z\u0131 sa\u011flar. Bu sat\u0131\u015f tak\u0131m\u0131 istedi\u011finiz \u015fekilde b\u00fcy\u00fcyebildi\u011fi gibi ayn\u0131 \u015fekilde k\u00fc\u00e7\u00fclebilir de.<br \/>\nB\u00fct\u00e7enize g\u00f6re bir Tele Sat\u0131\u015f kampanyas\u0131 haz\u0131rlar.<br \/>\nTelefon tabanl\u0131 bir sat\u0131\u015f tak\u0131m\u0131 olu\u015fturursan\u0131z yol masraflar\u0131n\u0131 ortadan kald\u0131rm\u0131\u015f olursunuz.<br \/>\nElbette Tele sat\u0131\u015f ve Tele pazarlama hizmetleri stratejik \u015fekilde \u00e7al\u0131\u015facak m\u00fc\u015fterek bir tak\u0131mla ayn\u0131 \u015firkete ta\u015f\u0131nabilir veya birle\u015ftirilebilir. Hizmetiniz potansiyel m\u00fc\u015fterilerden olu\u015fan bir havuz olu\u015fturabilirken bu havuzu sat\u0131\u015fa \u00e7evirmek gerekmektedir.<\/p>\n<p><span style=\"color: #000000;\">Tele Sat\u0131\u015f hizmetimiz ile ilgili geni\u015f bilgi almak i\u00e7in bizimle <a title=\"\u0130leti\u015fim\" href=\"http:\/\/www.creafone.com\/iletisim\/\"><span style=\"color: #000000;\">ileti\u015fime <\/span><\/a>ge\u00e7in<\/span>.[\/vc_column_text][\/vc_column][\/vc_row]<\/p>\n","protected":false},"excerpt":{"rendered":"<p>Tele Sat\u0131\u015f ekibi potansiyel m\u00fc\u015fterilerinizi\u00a0s\u00fcrekli ve ikna edici bir \u015fekilde sat\u0131\u015fa \u00e7evirir. Profesyonel Tele sat\u0131\u015f tak\u0131m\u0131 sat\u0131\u015f\u00a0oran\u0131n\u0131z\u0131 y\u00fckseltirken sat\u0131\u015f ba\u015f\u0131na d\u00fc\u015fen maliyetlerinizi azalt\u0131r. Etkili Tele Sat\u0131\u015f spesifik uzmanl\u0131k gerektirir. Bu uzmanl\u0131\u011f\u0131 d\u0131\u015f kaynak kullanarak sa\u011flamak paran\u0131z\u0131 korur ve \u015fimdiki ihtiya\u00e7lar\u0131n\u0131za uygun Tele Sat\u0131\u015f tak\u0131m\u0131yla tan\u0131\u015fman\u0131z\u0131 sa\u011flar. Bu sat\u0131\u015f tak\u0131m\u0131 istedi\u011finiz \u015fekilde b\u00fcy\u00fcyebildi\u011fi gibi ayn\u0131 \u015fekilde [&hellip;]<\/p>\n","protected":false},"author":1,"featured_media":0,"parent":0,"menu_order":0,"comment_status":"closed","ping_status":"closed","template":"","meta":{"footnotes":""},"class_list":["post-612","page","type-page","status-publish","hentry"],"yoast_head":"<!-- This site is optimized with the Yoast SEO plugin v27.0 - https:\/\/yoast.com\/product\/yoast-seo-wordpress\/ -->\n<title>Tele Sat\u0131\u015f hizmetimiz ile \u00fcr\u00fcn sat\u0131\u015flar\u0131n\u0131z\u0131 artt\u0131rabilirsiniz.<\/title>\n<meta name=\"description\" content=\"Uzman Tele Sat\u0131\u015f ekibimiz ve e\u015fsiz m\u00fc\u015fteri veri taban\u0131m\u0131z ile do\u011fru zamanda \u00fcr\u00fcn ve ya hizmetinizi m\u00fc\u015fterilere sunabilir ve sat\u0131\u015flar\u0131n\u0131z\u0131 artt\u0131rabilirsiniz.\" \/>\n<meta name=\"robots\" content=\"index, follow, max-snippet:-1, max-image-preview:large, max-video-preview:-1\" \/>\n<link rel=\"canonical\" href=\"https:\/\/www.creafone.com\/en\/tele-satis\/\" \/>\n<meta property=\"og:locale\" content=\"en_US\" \/>\n<meta property=\"og:type\" content=\"article\" \/>\n<meta property=\"og:title\" content=\"Tele Sat\u0131\u015f hizmetimiz ile \u00fcr\u00fcn sat\u0131\u015flar\u0131n\u0131z\u0131 artt\u0131rabilirsiniz.\" \/>\n<meta property=\"og:description\" content=\"Creafone: Uzman Tele Sat\u0131\u015f ekibimiz ile do\u011fru zamanda do\u011fru m\u00fc\u015fteriye ula\u015fabilir ve sat\u0131\u015flar\u0131n\u0131z\u0131 artt\u0131rabilirsiniz.\" \/>\n<meta property=\"og:url\" content=\"https:\/\/www.creafone.com\/en\/tele-satis\/\" \/>\n<meta property=\"og:site_name\" content=\"CREAFONE\" \/>\n<meta property=\"article:publisher\" content=\"https:\/\/www.facebook.com\/creafonecc\/\" \/>\n<meta name=\"twitter:card\" content=\"summary_large_image\" \/>\n<meta name=\"twitter:image\" content=\"http:\/\/www.creafone.com\/wp-content\/uploads\/2014\/07\/TeleSatis1.png\" \/>\n<meta name=\"twitter:site\" content=\"@creafone\" \/>\n<meta name=\"twitter:label1\" content=\"Est. reading time\" \/>\n\t<meta name=\"twitter:data1\" content=\"1 minute\" \/>\n<script type=\"application\/ld+json\" class=\"yoast-schema-graph\">{\"@context\":\"https:\/\/schema.org\",\"@graph\":[{\"@type\":\"WebPage\",\"@id\":\"https:\/\/www.creafone.com\/en\/tele-satis\/\",\"url\":\"https:\/\/www.creafone.com\/en\/tele-satis\/\",\"name\":\"Tele Sat\u0131\u015f hizmetimiz ile \u00fcr\u00fcn sat\u0131\u015flar\u0131n\u0131z\u0131 artt\u0131rabilirsiniz.\",\"isPartOf\":{\"@id\":\"https:\/\/www.creafone.com\/#website\"},\"primaryImageOfPage\":{\"@id\":\"https:\/\/www.creafone.com\/en\/tele-satis\/#primaryimage\"},\"image\":{\"@id\":\"https:\/\/www.creafone.com\/en\/tele-satis\/#primaryimage\"},\"thumbnailUrl\":\"http:\/\/www.creafone.com\/wp-content\/uploads\/2014\/07\/TeleSatis1.png\",\"datePublished\":\"2014-07-30T19:53:43+00:00\",\"description\":\"Uzman Tele Sat\u0131\u015f ekibimiz ve e\u015fsiz m\u00fc\u015fteri veri taban\u0131m\u0131z ile do\u011fru zamanda \u00fcr\u00fcn ve ya hizmetinizi m\u00fc\u015fterilere sunabilir ve sat\u0131\u015flar\u0131n\u0131z\u0131 artt\u0131rabilirsiniz.\",\"breadcrumb\":{\"@id\":\"https:\/\/www.creafone.com\/en\/tele-satis\/#breadcrumb\"},\"inLanguage\":\"en-US\",\"potentialAction\":[{\"@type\":\"ReadAction\",\"target\":[\"https:\/\/www.creafone.com\/en\/tele-satis\/\"]}]},{\"@type\":\"ImageObject\",\"inLanguage\":\"en-US\",\"@id\":\"https:\/\/www.creafone.com\/en\/tele-satis\/#primaryimage\",\"url\":\"http:\/\/www.creafone.com\/wp-content\/uploads\/2014\/07\/TeleSatis1.png\",\"contentUrl\":\"http:\/\/www.creafone.com\/wp-content\/uploads\/2014\/07\/TeleSatis1.png\"},{\"@type\":\"BreadcrumbList\",\"@id\":\"https:\/\/www.creafone.com\/en\/tele-satis\/#breadcrumb\",\"itemListElement\":[{\"@type\":\"ListItem\",\"position\":1,\"name\":\"Anasayfa\",\"item\":\"https:\/\/www.creafone.com\/\"},{\"@type\":\"ListItem\",\"position\":2,\"name\":\"Tele Sat\u0131\u015f\"}]},{\"@type\":\"WebSite\",\"@id\":\"https:\/\/www.creafone.com\/#website\",\"url\":\"https:\/\/www.creafone.com\/\",\"name\":\"CREAFONE\",\"description\":\"D\u0131\u015f Kaynak \u00c7a\u011fr\u0131 Merkezi\",\"publisher\":{\"@id\":\"https:\/\/www.creafone.com\/#organization\"},\"potentialAction\":[{\"@type\":\"SearchAction\",\"target\":{\"@type\":\"EntryPoint\",\"urlTemplate\":\"https:\/\/www.creafone.com\/?s={search_term_string}\"},\"query-input\":{\"@type\":\"PropertyValueSpecification\",\"valueRequired\":true,\"valueName\":\"search_term_string\"}}],\"inLanguage\":\"en-US\"},{\"@type\":\"Organization\",\"@id\":\"https:\/\/www.creafone.com\/#organization\",\"name\":\"Creafone\",\"url\":\"https:\/\/www.creafone.com\/\",\"logo\":{\"@type\":\"ImageObject\",\"inLanguage\":\"en-US\",\"@id\":\"https:\/\/www.creafone.com\/#\/schema\/logo\/image\/\",\"url\":\"https:\/\/www.creafone.com\/wp-content\/uploads\/2021\/09\/Creafone_LogoSon.png\",\"contentUrl\":\"https:\/\/www.creafone.com\/wp-content\/uploads\/2021\/09\/Creafone_LogoSon.png\",\"width\":250,\"height\":34,\"caption\":\"Creafone\"},\"image\":{\"@id\":\"https:\/\/www.creafone.com\/#\/schema\/logo\/image\/\"},\"sameAs\":[\"https:\/\/www.facebook.com\/creafonecc\/\",\"https:\/\/x.com\/creafone\",\"https:\/\/www.instagram.com\/creafonecc\",\"https:\/\/linkedin.com\/company\/creafone\"]}]}<\/script>\n<!-- \/ Yoast SEO plugin. -->","yoast_head_json":{"title":"Tele Sat\u0131\u015f hizmetimiz ile \u00fcr\u00fcn sat\u0131\u015flar\u0131n\u0131z\u0131 artt\u0131rabilirsiniz.","description":"Uzman Tele Sat\u0131\u015f ekibimiz ve e\u015fsiz m\u00fc\u015fteri veri taban\u0131m\u0131z ile do\u011fru zamanda \u00fcr\u00fcn ve ya hizmetinizi m\u00fc\u015fterilere sunabilir ve sat\u0131\u015flar\u0131n\u0131z\u0131 artt\u0131rabilirsiniz.","robots":{"index":"index","follow":"follow","max-snippet":"max-snippet:-1","max-image-preview":"max-image-preview:large","max-video-preview":"max-video-preview:-1"},"canonical":"https:\/\/www.creafone.com\/en\/tele-satis\/","og_locale":"en_US","og_type":"article","og_title":"Tele Sat\u0131\u015f hizmetimiz ile \u00fcr\u00fcn sat\u0131\u015flar\u0131n\u0131z\u0131 artt\u0131rabilirsiniz.","og_description":"Creafone: Uzman Tele Sat\u0131\u015f ekibimiz ile do\u011fru zamanda do\u011fru m\u00fc\u015fteriye ula\u015fabilir ve sat\u0131\u015flar\u0131n\u0131z\u0131 artt\u0131rabilirsiniz.","og_url":"https:\/\/www.creafone.com\/en\/tele-satis\/","og_site_name":"CREAFONE","article_publisher":"https:\/\/www.facebook.com\/creafonecc\/","twitter_card":"summary_large_image","twitter_image":"http:\/\/www.creafone.com\/wp-content\/uploads\/2014\/07\/TeleSatis1.png","twitter_site":"@creafone","twitter_misc":{"Est. reading time":"1 minute"},"schema":{"@context":"https:\/\/schema.org","@graph":[{"@type":"WebPage","@id":"https:\/\/www.creafone.com\/en\/tele-satis\/","url":"https:\/\/www.creafone.com\/en\/tele-satis\/","name":"Tele Sat\u0131\u015f hizmetimiz ile \u00fcr\u00fcn sat\u0131\u015flar\u0131n\u0131z\u0131 artt\u0131rabilirsiniz.","isPartOf":{"@id":"https:\/\/www.creafone.com\/#website"},"primaryImageOfPage":{"@id":"https:\/\/www.creafone.com\/en\/tele-satis\/#primaryimage"},"image":{"@id":"https:\/\/www.creafone.com\/en\/tele-satis\/#primaryimage"},"thumbnailUrl":"http:\/\/www.creafone.com\/wp-content\/uploads\/2014\/07\/TeleSatis1.png","datePublished":"2014-07-30T19:53:43+00:00","description":"Uzman Tele Sat\u0131\u015f ekibimiz ve e\u015fsiz m\u00fc\u015fteri veri taban\u0131m\u0131z ile do\u011fru zamanda \u00fcr\u00fcn ve ya hizmetinizi m\u00fc\u015fterilere sunabilir ve sat\u0131\u015flar\u0131n\u0131z\u0131 artt\u0131rabilirsiniz.","breadcrumb":{"@id":"https:\/\/www.creafone.com\/en\/tele-satis\/#breadcrumb"},"inLanguage":"en-US","potentialAction":[{"@type":"ReadAction","target":["https:\/\/www.creafone.com\/en\/tele-satis\/"]}]},{"@type":"ImageObject","inLanguage":"en-US","@id":"https:\/\/www.creafone.com\/en\/tele-satis\/#primaryimage","url":"http:\/\/www.creafone.com\/wp-content\/uploads\/2014\/07\/TeleSatis1.png","contentUrl":"http:\/\/www.creafone.com\/wp-content\/uploads\/2014\/07\/TeleSatis1.png"},{"@type":"BreadcrumbList","@id":"https:\/\/www.creafone.com\/en\/tele-satis\/#breadcrumb","itemListElement":[{"@type":"ListItem","position":1,"name":"Anasayfa","item":"https:\/\/www.creafone.com\/"},{"@type":"ListItem","position":2,"name":"Tele Sat\u0131\u015f"}]},{"@type":"WebSite","@id":"https:\/\/www.creafone.com\/#website","url":"https:\/\/www.creafone.com\/","name":"CREAFONE","description":"D\u0131\u015f Kaynak \u00c7a\u011fr\u0131 Merkezi","publisher":{"@id":"https:\/\/www.creafone.com\/#organization"},"potentialAction":[{"@type":"SearchAction","target":{"@type":"EntryPoint","urlTemplate":"https:\/\/www.creafone.com\/?s={search_term_string}"},"query-input":{"@type":"PropertyValueSpecification","valueRequired":true,"valueName":"search_term_string"}}],"inLanguage":"en-US"},{"@type":"Organization","@id":"https:\/\/www.creafone.com\/#organization","name":"Creafone","url":"https:\/\/www.creafone.com\/","logo":{"@type":"ImageObject","inLanguage":"en-US","@id":"https:\/\/www.creafone.com\/#\/schema\/logo\/image\/","url":"https:\/\/www.creafone.com\/wp-content\/uploads\/2021\/09\/Creafone_LogoSon.png","contentUrl":"https:\/\/www.creafone.com\/wp-content\/uploads\/2021\/09\/Creafone_LogoSon.png","width":250,"height":34,"caption":"Creafone"},"image":{"@id":"https:\/\/www.creafone.com\/#\/schema\/logo\/image\/"},"sameAs":["https:\/\/www.facebook.com\/creafonecc\/","https:\/\/x.com\/creafone","https:\/\/www.instagram.com\/creafonecc","https:\/\/linkedin.com\/company\/creafone"]}]}},"_links":{"self":[{"href":"https:\/\/www.creafone.com\/en\/wp-json\/wp\/v2\/pages\/612","targetHints":{"allow":["GET"]}}],"collection":[{"href":"https:\/\/www.creafone.com\/en\/wp-json\/wp\/v2\/pages"}],"about":[{"href":"https:\/\/www.creafone.com\/en\/wp-json\/wp\/v2\/types\/page"}],"author":[{"embeddable":true,"href":"https:\/\/www.creafone.com\/en\/wp-json\/wp\/v2\/users\/1"}],"replies":[{"embeddable":true,"href":"https:\/\/www.creafone.com\/en\/wp-json\/wp\/v2\/comments?post=612"}],"version-history":[{"count":0,"href":"https:\/\/www.creafone.com\/en\/wp-json\/wp\/v2\/pages\/612\/revisions"}],"wp:attachment":[{"href":"https:\/\/www.creafone.com\/en\/wp-json\/wp\/v2\/media?parent=612"}],"curies":[{"name":"wp","href":"https:\/\/api.w.org\/{rel}","templated":true}]}}