{"id":613,"date":"2014-07-30T22:54:04","date_gmt":"2014-07-30T19:54:04","guid":{"rendered":"http:\/\/www.creafone.com\/?page_id=38"},"modified":"2014-07-30T22:54:04","modified_gmt":"2014-07-30T19:54:04","slug":"tele-pazarlama","status":"publish","type":"page","link":"https:\/\/www.creafone.com\/en\/tele-pazarlama\/","title":{"rendered":"Tele Pazarlama"},"content":{"rendered":"<p><a href=\"http:\/\/www.creafone.com\/wp-content\/uploads\/2014\/07\/tele_pazarlama.png\"><img fetchpriority=\"high\" decoding=\"async\" class=\"alignleft wp-image-397 size-full\" title=\"Tele Pazarlama, Telefonda Pazarlama, \u00c7a\u011fr\u0131 Merkezi Sat\u0131\u015f\" src=\"http:\/\/www.creafone.com\/wp-content\/uploads\/2014\/07\/tele_pazarlama.png\" alt=\"Tele Pazarlama, Telefonda Pazarlama, \u00c7a\u011fr\u0131 Merkezi Sat\u0131\u015f\" width=\"283\" height=\"178\" \/><\/a>Tele Pazarlama \u00fcr\u00fcn\u00fcn\u00fcze, markan\u0131za veya hizmetinize ilgi \u00e7ekmek i\u00e7in M\u00fc\u015fteri Aday\u0131 veya M\u00fc\u015fterinize direkt olarak bilgi verirken zaman ve para kazand\u0131r\u0131r. Sat\u0131\u015f ekibinizin kapatmas\u0131 i\u00e7in m\u00fckemmel \u00f6rnekleri belirler. Tele Sat\u0131\u015f tak\u0131m\u0131n\u0131z i\u00e7in M\u00fc\u015fteri ve M\u00fc\u015fteri Adaylar\u0131n\u0131z\u0131 segmente ederek daha g\u00fcvenilir bir kaynak yarat\u0131r. Bu \u015fekilde iyi bir Tele Pazarlama ile y\u00fcksek verimli sat\u0131\u015flar ger\u00e7ekle\u015ftirilebilir. Markan\u0131z\u0131, \u00fcr\u00fcn\u00fcn\u00fcz\u00fc ve hizmetlerinizi profesyonel olarak potansiyel m\u00fc\u015fterilerinize sunar. Yeni bir pazar i\u00e7in potansiyeli ya da sat\u0131n alma trendlerini m\u00fc\u015fteriye g\u00f6sterir. Sizin sunduklar\u0131n\u0131za uygun m\u00fc\u015fterilerle randevu ak\u0131\u015f\u0131 sa\u011flaman\u0131za yard\u0131mc\u0131 olur. Tele Pazarlama m\u00fc\u015fteri tatmini sa\u011flar ve \u00e7o\u011fu zaman m\u00fc\u015fteri ihtiya\u00e7lar\u0131n\u0131 a\u015far.<br \/>\nCreafone ekibi Tele Pazarlama faaliyetlerini daha etkin k\u0131labilmek i\u00e7in yeni nesil mecralar\u0131 kullanarak interaktif d\u00fcnyada var olman\u0131z\u0131 sa\u011flamay\u0131 ama\u00e7lar. Interaktif d\u00fcnyada yap\u0131lan Aktivitelerin verimlili\u011fini \u00f6l\u00e7erek daha do\u011fru ve h\u0131zl\u0131 kararlar alman\u0131z\u0131 , ileriye d\u00f6n\u00fck hamleler yapman\u0131z\u0131 sa\u011flar.<br \/>\nPotansiyel m\u00fc\u015fteri profilinizin olu\u015fturulmas\u0131, mevcut m\u00fc\u015fteri a\u011f\u0131n\u0131n geni\u015fletilmesi ve pazar pay\u0131n\u0131z\u0131n artt\u0131r\u0131lmas\u0131 i\u00e7in aktivite kanallar\u0131n\u0131n belirlenmesi ve analiz edilmesi ile size en uygun alternatif aktivite planlan\u0131n\u0131 sunar.<\/p>\n<p>Tele Pazarlama Servisimiz ile;<\/p>\n<ul>\n<li>Daha fazla m\u00fc\u015fteriye ula\u015fabilir<\/li>\n<li>Mobil Pazarlama Entegrasyonu\u00a0yapabilir<\/li>\n<li>Do\u011fru zaman da Do\u011fru m\u00fc\u015fteriye ula\u015fabilir<\/li>\n<li>Sat\u0131\u015f Stratejilerinize y\u00f6n verebilir<\/li>\n<li>E-mailing\u00a0Aktiviteler ger\u00e7ekle\u015ftirebilir.<\/li>\n<li>Katma De\u011ferli\u00a0servisleri daha etkin kullanabilirsiniz.<\/li>\n<\/ul>\n<p>Tele Pazarlama, Telefonda Pazarlama, \u00c7a\u011fr\u0131 Merkezi Sat\u0131\u015f ile ilgili bilgi almak i\u00e7in l\u00fctfen bizimle <a title=\"Contact\" href=\"http:\/\/www.creafone.com\/en\/iletisim\/\" target=\"_blank\" rel=\"noopener noreferrer\">ileti\u015fime <\/a>ge\u00e7in.<\/p>","protected":false},"excerpt":{"rendered":"<p>Tele Pazarlama \u00fcr\u00fcn\u00fcn\u00fcze, markan\u0131za veya hizmetinize ilgi \u00e7ekmek i\u00e7in M\u00fc\u015fteri Aday\u0131 veya M\u00fc\u015fterinize direkt olarak bilgi verirken zaman ve para kazand\u0131r\u0131r. Sat\u0131\u015f ekibinizin kapatmas\u0131 i\u00e7in m\u00fckemmel \u00f6rnekleri belirler. Tele Sat\u0131\u015f tak\u0131m\u0131n\u0131z i\u00e7in M\u00fc\u015fteri ve M\u00fc\u015fteri Adaylar\u0131n\u0131z\u0131 segmente ederek daha g\u00fcvenilir bir kaynak yarat\u0131r. Bu \u015fekilde iyi bir Tele Pazarlama ile y\u00fcksek verimli sat\u0131\u015flar ger\u00e7ekle\u015ftirilebilir. Markan\u0131z\u0131, [&hellip;]<\/p>\n","protected":false},"author":1,"featured_media":0,"parent":0,"menu_order":0,"comment_status":"closed","ping_status":"closed","template":"","meta":{"footnotes":""},"class_list":["post-613","page","type-page","status-publish","hentry"],"yoast_head":"<!-- This site is optimized with the Yoast SEO plugin v27.0 - https:\/\/yoast.com\/product\/yoast-seo-wordpress\/ -->\n<title>Tele Pazarlama, Telefonda Pazarlama, \u00c7a\u011fr\u0131 Merkezi Sat\u0131\u015f<\/title>\n<meta name=\"description\" content=\"Tele Pazarlama, Telefonda Pazarlama, \u00c7a\u011fr\u0131 Merkezi Sat\u0131\u015f ile Do\u011fru zaman da Do\u011fru m\u00fc\u015fteriye ula\u015fabilir, Interaktif servisleri daha etkin kullanabilirsiniz.\" \/>\n<meta name=\"robots\" content=\"index, follow, max-snippet:-1, max-image-preview:large, max-video-preview:-1\" \/>\n<link rel=\"canonical\" href=\"https:\/\/www.creafone.com\/en\/tele-pazarlama\/\" \/>\n<meta property=\"og:locale\" content=\"en_US\" \/>\n<meta property=\"og:type\" content=\"article\" \/>\n<meta property=\"og:title\" content=\"Tele Pazarlama, Telefonda Pazarlama, \u00c7a\u011fr\u0131 Merkezi Sat\u0131\u015f\" \/>\n<meta property=\"og:description\" content=\"Tele Pazarlama, Telefonda Pazarlama, \u00c7a\u011fr\u0131 Merkezi Sat\u0131\u015f ile Do\u011fru zaman da Do\u011fru m\u00fc\u015fteriye ula\u015fabilir, Interaktif servisleri daha etkin kullanabilirsiniz.\" \/>\n<meta property=\"og:url\" content=\"https:\/\/www.creafone.com\/en\/tele-pazarlama\/\" \/>\n<meta property=\"og:site_name\" content=\"CREAFONE\" \/>\n<meta property=\"article:publisher\" content=\"https:\/\/www.facebook.com\/creafonecc\/\" \/>\n<meta property=\"og:image\" content=\"http:\/\/www.creafone.com\/wp-content\/uploads\/2014\/07\/tele_pazarlama.png\" \/>\n<meta name=\"twitter:card\" content=\"summary_large_image\" \/>\n<meta name=\"twitter:site\" content=\"@creafone\" \/>\n<meta name=\"twitter:label1\" content=\"Est. reading time\" \/>\n\t<meta name=\"twitter:data1\" content=\"1 minute\" \/>\n<script type=\"application\/ld+json\" class=\"yoast-schema-graph\">{\"@context\":\"https:\/\/schema.org\",\"@graph\":[{\"@type\":\"WebPage\",\"@id\":\"https:\/\/www.creafone.com\/tele-pazarlama\/\",\"url\":\"https:\/\/www.creafone.com\/tele-pazarlama\/\",\"name\":\"Tele Pazarlama, Telefonda Pazarlama, \u00c7a\u011fr\u0131 Merkezi Sat\u0131\u015f\",\"isPartOf\":{\"@id\":\"https:\/\/www.creafone.com\/#website\"},\"primaryImageOfPage\":{\"@id\":\"https:\/\/www.creafone.com\/tele-pazarlama\/#primaryimage\"},\"image\":{\"@id\":\"https:\/\/www.creafone.com\/tele-pazarlama\/#primaryimage\"},\"thumbnailUrl\":\"http:\/\/www.creafone.com\/wp-content\/uploads\/2014\/07\/tele_pazarlama.png\",\"datePublished\":\"2014-07-30T19:54:04+00:00\",\"description\":\"Tele Pazarlama, Telefonda Pazarlama, \u00c7a\u011fr\u0131 Merkezi Sat\u0131\u015f ile Do\u011fru zaman da Do\u011fru m\u00fc\u015fteriye ula\u015fabilir, Interaktif servisleri daha etkin kullanabilirsiniz.\",\"breadcrumb\":{\"@id\":\"https:\/\/www.creafone.com\/tele-pazarlama\/#breadcrumb\"},\"inLanguage\":\"en-US\",\"potentialAction\":[{\"@type\":\"ReadAction\",\"target\":[\"https:\/\/www.creafone.com\/tele-pazarlama\/\"]}]},{\"@type\":\"ImageObject\",\"inLanguage\":\"en-US\",\"@id\":\"https:\/\/www.creafone.com\/tele-pazarlama\/#primaryimage\",\"url\":\"http:\/\/www.creafone.com\/wp-content\/uploads\/2014\/07\/tele_pazarlama.png\",\"contentUrl\":\"http:\/\/www.creafone.com\/wp-content\/uploads\/2014\/07\/tele_pazarlama.png\"},{\"@type\":\"BreadcrumbList\",\"@id\":\"https:\/\/www.creafone.com\/tele-pazarlama\/#breadcrumb\",\"itemListElement\":[{\"@type\":\"ListItem\",\"position\":1,\"name\":\"Anasayfa\",\"item\":\"https:\/\/www.creafone.com\/\"},{\"@type\":\"ListItem\",\"position\":2,\"name\":\"Tele Pazarlama\"}]},{\"@type\":\"WebSite\",\"@id\":\"https:\/\/www.creafone.com\/#website\",\"url\":\"https:\/\/www.creafone.com\/\",\"name\":\"CREAFONE\",\"description\":\"D\u0131\u015f Kaynak \u00c7a\u011fr\u0131 Merkezi\",\"publisher\":{\"@id\":\"https:\/\/www.creafone.com\/#organization\"},\"potentialAction\":[{\"@type\":\"SearchAction\",\"target\":{\"@type\":\"EntryPoint\",\"urlTemplate\":\"https:\/\/www.creafone.com\/?s={search_term_string}\"},\"query-input\":{\"@type\":\"PropertyValueSpecification\",\"valueRequired\":true,\"valueName\":\"search_term_string\"}}],\"inLanguage\":\"en-US\"},{\"@type\":\"Organization\",\"@id\":\"https:\/\/www.creafone.com\/#organization\",\"name\":\"Creafone\",\"url\":\"https:\/\/www.creafone.com\/\",\"logo\":{\"@type\":\"ImageObject\",\"inLanguage\":\"en-US\",\"@id\":\"https:\/\/www.creafone.com\/#\/schema\/logo\/image\/\",\"url\":\"https:\/\/www.creafone.com\/wp-content\/uploads\/2021\/09\/Creafone_LogoSon.png\",\"contentUrl\":\"https:\/\/www.creafone.com\/wp-content\/uploads\/2021\/09\/Creafone_LogoSon.png\",\"width\":250,\"height\":34,\"caption\":\"Creafone\"},\"image\":{\"@id\":\"https:\/\/www.creafone.com\/#\/schema\/logo\/image\/\"},\"sameAs\":[\"https:\/\/www.facebook.com\/creafonecc\/\",\"https:\/\/x.com\/creafone\",\"https:\/\/www.instagram.com\/creafonecc\",\"https:\/\/linkedin.com\/company\/creafone\"]}]}<\/script>\n<!-- \/ Yoast SEO plugin. -->","yoast_head_json":{"title":"Tele Pazarlama, Telefonda Pazarlama, \u00c7a\u011fr\u0131 Merkezi Sat\u0131\u015f","description":"Tele Pazarlama, Telefonda Pazarlama, \u00c7a\u011fr\u0131 Merkezi Sat\u0131\u015f ile Do\u011fru zaman da Do\u011fru m\u00fc\u015fteriye ula\u015fabilir, Interaktif servisleri daha etkin kullanabilirsiniz.","robots":{"index":"index","follow":"follow","max-snippet":"max-snippet:-1","max-image-preview":"max-image-preview:large","max-video-preview":"max-video-preview:-1"},"canonical":"https:\/\/www.creafone.com\/en\/tele-pazarlama\/","og_locale":"en_US","og_type":"article","og_title":"Tele Pazarlama, Telefonda Pazarlama, \u00c7a\u011fr\u0131 Merkezi Sat\u0131\u015f","og_description":"Tele Pazarlama, Telefonda Pazarlama, \u00c7a\u011fr\u0131 Merkezi Sat\u0131\u015f ile Do\u011fru zaman da Do\u011fru m\u00fc\u015fteriye ula\u015fabilir, Interaktif servisleri daha etkin kullanabilirsiniz.","og_url":"https:\/\/www.creafone.com\/en\/tele-pazarlama\/","og_site_name":"CREAFONE","article_publisher":"https:\/\/www.facebook.com\/creafonecc\/","og_image":[{"url":"http:\/\/www.creafone.com\/wp-content\/uploads\/2014\/07\/tele_pazarlama.png","type":"","width":"","height":""}],"twitter_card":"summary_large_image","twitter_site":"@creafone","twitter_misc":{"Est. reading time":"1 minute"},"schema":{"@context":"https:\/\/schema.org","@graph":[{"@type":"WebPage","@id":"https:\/\/www.creafone.com\/tele-pazarlama\/","url":"https:\/\/www.creafone.com\/tele-pazarlama\/","name":"Tele Pazarlama, Telefonda Pazarlama, \u00c7a\u011fr\u0131 Merkezi Sat\u0131\u015f","isPartOf":{"@id":"https:\/\/www.creafone.com\/#website"},"primaryImageOfPage":{"@id":"https:\/\/www.creafone.com\/tele-pazarlama\/#primaryimage"},"image":{"@id":"https:\/\/www.creafone.com\/tele-pazarlama\/#primaryimage"},"thumbnailUrl":"http:\/\/www.creafone.com\/wp-content\/uploads\/2014\/07\/tele_pazarlama.png","datePublished":"2014-07-30T19:54:04+00:00","description":"Tele Pazarlama, Telefonda Pazarlama, \u00c7a\u011fr\u0131 Merkezi Sat\u0131\u015f ile Do\u011fru zaman da Do\u011fru m\u00fc\u015fteriye ula\u015fabilir, Interaktif servisleri daha etkin kullanabilirsiniz.","breadcrumb":{"@id":"https:\/\/www.creafone.com\/tele-pazarlama\/#breadcrumb"},"inLanguage":"en-US","potentialAction":[{"@type":"ReadAction","target":["https:\/\/www.creafone.com\/tele-pazarlama\/"]}]},{"@type":"ImageObject","inLanguage":"en-US","@id":"https:\/\/www.creafone.com\/tele-pazarlama\/#primaryimage","url":"http:\/\/www.creafone.com\/wp-content\/uploads\/2014\/07\/tele_pazarlama.png","contentUrl":"http:\/\/www.creafone.com\/wp-content\/uploads\/2014\/07\/tele_pazarlama.png"},{"@type":"BreadcrumbList","@id":"https:\/\/www.creafone.com\/tele-pazarlama\/#breadcrumb","itemListElement":[{"@type":"ListItem","position":1,"name":"Anasayfa","item":"https:\/\/www.creafone.com\/"},{"@type":"ListItem","position":2,"name":"Tele Pazarlama"}]},{"@type":"WebSite","@id":"https:\/\/www.creafone.com\/#website","url":"https:\/\/www.creafone.com\/","name":"CREAFONE","description":"D\u0131\u015f Kaynak \u00c7a\u011fr\u0131 Merkezi","publisher":{"@id":"https:\/\/www.creafone.com\/#organization"},"potentialAction":[{"@type":"SearchAction","target":{"@type":"EntryPoint","urlTemplate":"https:\/\/www.creafone.com\/?s={search_term_string}"},"query-input":{"@type":"PropertyValueSpecification","valueRequired":true,"valueName":"search_term_string"}}],"inLanguage":"en-US"},{"@type":"Organization","@id":"https:\/\/www.creafone.com\/#organization","name":"Creafone","url":"https:\/\/www.creafone.com\/","logo":{"@type":"ImageObject","inLanguage":"en-US","@id":"https:\/\/www.creafone.com\/#\/schema\/logo\/image\/","url":"https:\/\/www.creafone.com\/wp-content\/uploads\/2021\/09\/Creafone_LogoSon.png","contentUrl":"https:\/\/www.creafone.com\/wp-content\/uploads\/2021\/09\/Creafone_LogoSon.png","width":250,"height":34,"caption":"Creafone"},"image":{"@id":"https:\/\/www.creafone.com\/#\/schema\/logo\/image\/"},"sameAs":["https:\/\/www.facebook.com\/creafonecc\/","https:\/\/x.com\/creafone","https:\/\/www.instagram.com\/creafonecc","https:\/\/linkedin.com\/company\/creafone"]}]}},"_links":{"self":[{"href":"https:\/\/www.creafone.com\/en\/wp-json\/wp\/v2\/pages\/613","targetHints":{"allow":["GET"]}}],"collection":[{"href":"https:\/\/www.creafone.com\/en\/wp-json\/wp\/v2\/pages"}],"about":[{"href":"https:\/\/www.creafone.com\/en\/wp-json\/wp\/v2\/types\/page"}],"author":[{"embeddable":true,"href":"https:\/\/www.creafone.com\/en\/wp-json\/wp\/v2\/users\/1"}],"replies":[{"embeddable":true,"href":"https:\/\/www.creafone.com\/en\/wp-json\/wp\/v2\/comments?post=613"}],"version-history":[{"count":0,"href":"https:\/\/www.creafone.com\/en\/wp-json\/wp\/v2\/pages\/613\/revisions"}],"wp:attachment":[{"href":"https:\/\/www.creafone.com\/en\/wp-json\/wp\/v2\/media?parent=613"}],"curies":[{"name":"wp","href":"https:\/\/api.w.org\/{rel}","templated":true}]}}