{"id":619,"date":"2014-07-31T01:51:28","date_gmt":"2014-07-30T22:51:28","guid":{"rendered":"http:\/\/www.creafone.com\/?page_id=115"},"modified":"2014-07-31T01:51:28","modified_gmt":"2014-07-30T22:51:28","slug":"tele-siparis","status":"publish","type":"page","link":"https:\/\/www.creafone.com\/en\/tele-siparis\/","title":{"rendered":"Tele Sipari\u015f"},"content":{"rendered":"<p style=\"color: #000000;\"><a href=\"http:\/\/www.creafone.com\/wp-content\/uploads\/2014\/07\/Tele_Siparis.png\"><img fetchpriority=\"high\" decoding=\"async\" class=\"alignleft wp-image-402 size-full\" src=\"http:\/\/www.creafone.com\/wp-content\/uploads\/2014\/07\/Tele_Siparis.png\" alt=\"Tele Sipari\u015f , TV Shopping, TV Al\u0131\u015fveri\u015f\" width=\"283\" height=\"178\" \/><\/a><span style=\"color: #000000;\">Tele Sipari\u015f ile m\u00fc\u015fterileriniz ve sizin aran\u0131zda k\u00f6pr\u00fc oluyoruz, onlara daha iyi hizmet,h\u0131zl\u0131\u00a0sipari\u015f, \u00e7apraz \u00fcr\u00fcn sat\u0131\u015f imkan\u0131 sunar.<\/span><\/p>\n<p><span style=\"color: #000000;\">TV Al\u0131\u015fveri\u015f , Internet,SMS gibi mecralarda ki reklamlar\u0131n\u0131za 7\/24 destek verir, sat\u0131\u015f ve hizmet kalitenizi art\u0131r\u0131rs\u0131n\u0131z. Tele Sipari\u015f ile telefonda \u00f6deme tahsilat\u0131 yapabilir , kap\u0131da \u00f6deme m\u00fc\u015fterilerini takip edebilirsiniz. Al\u0131nan sipari\u015fler sonras\u0131nda m\u00fc\u015fterilerinizi SMS ve E-posta yolu ile otomatik bilgilendirebilirsiniz. Tele Al\u0131\u015fveri\u015f,Tv Shopping aktivetelerinizi ba\u015far\u0131yla ba\u015flatabilir ve sonu\u00e7land\u0131rabilirsiniz. Bununla birlikte t\u00fcm aktivetelerin detayl\u0131 raporlar\u0131na ula\u015fabilir ve sat\u0131\u015f stratejinize y\u00f6n verebilirsiniz. G\u00fcnl\u00fck saatlik kampanyalar planlayabilirsiniz.<\/span><\/p>\n<p><span style=\"color: #000000;\">\u0130ster kendi numaran\u0131z\u0131 kullanabilir isterseniz de size \u00f6zel bir numara tahsis edilir. Youtube gibi internet mecralar\u0131nda video reklamlar\u0131 verebilir ve belirledi\u011finiz numara \u00fczerinden sat\u0131\u015f yapabilirsiniz.<\/span><\/p>\n<p><span style=\"color: #000000;\">Tele Sipari\u015f , TV Shopping ve TV Al\u0131\u015fveri\u015f ile ilgili bilgi almak i\u00e7in bizimle <a title=\"Contact\" href=\"http:\/\/www.creafone.com\/en\/iletisim\/\"><span style=\"color: #000000;\">ileti\u015fime <\/span><\/a>ge\u00e7in.<\/span><\/p>","protected":false},"excerpt":{"rendered":"<p>Tele Sipari\u015f ile m\u00fc\u015fterileriniz ve sizin aran\u0131zda k\u00f6pr\u00fc oluyoruz, onlara daha iyi hizmet,h\u0131zl\u0131\u00a0sipari\u015f, \u00e7apraz \u00fcr\u00fcn sat\u0131\u015f imkan\u0131 sunar. TV Al\u0131\u015fveri\u015f , Internet,SMS gibi mecralarda ki reklamlar\u0131n\u0131za 7\/24 destek verir, sat\u0131\u015f ve hizmet kalitenizi art\u0131r\u0131rs\u0131n\u0131z. Tele Sipari\u015f ile telefonda \u00f6deme tahsilat\u0131 yapabilir , kap\u0131da \u00f6deme m\u00fc\u015fterilerini takip edebilirsiniz. Al\u0131nan sipari\u015fler sonras\u0131nda m\u00fc\u015fterilerinizi SMS ve E-posta yolu [&hellip;]<\/p>\n","protected":false},"author":1,"featured_media":0,"parent":0,"menu_order":0,"comment_status":"closed","ping_status":"closed","template":"","meta":{"footnotes":""},"class_list":["post-619","page","type-page","status-publish","hentry"],"yoast_head":"<!-- This site is optimized with the Yoast SEO plugin v27.0 - https:\/\/yoast.com\/product\/yoast-seo-wordpress\/ -->\n<title>Tele Sipari\u015f , TV Shopping, TV Al\u0131\u015fveri\u015f<\/title>\n<meta name=\"description\" content=\"Tele Sipari\u015f ile TV Kanallar\u0131nda ,Internette, SMS g\u00f6nderimleri gibi mecralarda ki reklamlar\u0131n\u0131za 7\/24 destek verir, sat\u0131\u015f ve hizmet kalitenizi art\u0131r\u0131rs\u0131n\u0131z.\" \/>\n<meta name=\"robots\" content=\"index, follow, max-snippet:-1, max-image-preview:large, max-video-preview:-1\" \/>\n<link rel=\"canonical\" href=\"https:\/\/www.creafone.com\/en\/tele-siparis\/\" \/>\n<meta property=\"og:locale\" content=\"en_US\" \/>\n<meta property=\"og:type\" content=\"article\" \/>\n<meta property=\"og:title\" content=\"Tele Sipari\u015f ile TV Kanallar\u0131nda ,Internette, SMS g\u00f6nderimleri gibi mecralarda ki reklamlar\u0131n\u0131za 7\/24 destek verir, sat\u0131\u015f ve hizmet kalitenizi art\u0131r\u0131rs\u0131n\u0131z.\" \/>\n<meta property=\"og:description\" content=\"Tele Sipari\u015f ile m\u00fc\u015fterileriniz size etkin bir \u015fekilde ula\u015f\u0131r, zamandan paradan tasarruf edersiniz\" \/>\n<meta property=\"og:url\" content=\"https:\/\/www.creafone.com\/en\/tele-siparis\/\" \/>\n<meta property=\"og:site_name\" content=\"CREAFONE\" \/>\n<meta property=\"article:publisher\" content=\"https:\/\/www.facebook.com\/creafonecc\/\" \/>\n<meta name=\"twitter:card\" content=\"summary_large_image\" \/>\n<meta name=\"twitter:image\" content=\"http:\/\/www.creafone.com\/wp-content\/uploads\/2014\/07\/Tele_Siparis.png\" \/>\n<meta name=\"twitter:site\" content=\"@creafone\" \/>\n<meta name=\"twitter:label1\" content=\"Est. reading time\" \/>\n\t<meta name=\"twitter:data1\" content=\"1 minute\" \/>\n<script type=\"application\/ld+json\" class=\"yoast-schema-graph\">{\"@context\":\"https:\/\/schema.org\",\"@graph\":[{\"@type\":\"WebPage\",\"@id\":\"https:\/\/www.creafone.com\/en\/tele-siparis\/\",\"url\":\"https:\/\/www.creafone.com\/en\/tele-siparis\/\",\"name\":\"Tele Sipari\u015f , TV Shopping, TV Al\u0131\u015fveri\u015f\",\"isPartOf\":{\"@id\":\"https:\/\/www.creafone.com\/#website\"},\"primaryImageOfPage\":{\"@id\":\"https:\/\/www.creafone.com\/en\/tele-siparis\/#primaryimage\"},\"image\":{\"@id\":\"https:\/\/www.creafone.com\/en\/tele-siparis\/#primaryimage\"},\"thumbnailUrl\":\"http:\/\/www.creafone.com\/wp-content\/uploads\/2014\/07\/Tele_Siparis.png\",\"datePublished\":\"2014-07-30T22:51:28+00:00\",\"description\":\"Tele Sipari\u015f ile TV Kanallar\u0131nda ,Internette, SMS g\u00f6nderimleri gibi mecralarda ki reklamlar\u0131n\u0131za 7\/24 destek verir, sat\u0131\u015f ve hizmet kalitenizi art\u0131r\u0131rs\u0131n\u0131z.\",\"breadcrumb\":{\"@id\":\"https:\/\/www.creafone.com\/en\/tele-siparis\/#breadcrumb\"},\"inLanguage\":\"en-US\",\"potentialAction\":[{\"@type\":\"ReadAction\",\"target\":[\"https:\/\/www.creafone.com\/en\/tele-siparis\/\"]}]},{\"@type\":\"ImageObject\",\"inLanguage\":\"en-US\",\"@id\":\"https:\/\/www.creafone.com\/en\/tele-siparis\/#primaryimage\",\"url\":\"http:\/\/www.creafone.com\/wp-content\/uploads\/2014\/07\/Tele_Siparis.png\",\"contentUrl\":\"http:\/\/www.creafone.com\/wp-content\/uploads\/2014\/07\/Tele_Siparis.png\"},{\"@type\":\"BreadcrumbList\",\"@id\":\"https:\/\/www.creafone.com\/en\/tele-siparis\/#breadcrumb\",\"itemListElement\":[{\"@type\":\"ListItem\",\"position\":1,\"name\":\"Anasayfa\",\"item\":\"https:\/\/www.creafone.com\/\"},{\"@type\":\"ListItem\",\"position\":2,\"name\":\"Tele Sipari\u015f\"}]},{\"@type\":\"WebSite\",\"@id\":\"https:\/\/www.creafone.com\/#website\",\"url\":\"https:\/\/www.creafone.com\/\",\"name\":\"CREAFONE\",\"description\":\"D\u0131\u015f Kaynak \u00c7a\u011fr\u0131 Merkezi\",\"publisher\":{\"@id\":\"https:\/\/www.creafone.com\/#organization\"},\"potentialAction\":[{\"@type\":\"SearchAction\",\"target\":{\"@type\":\"EntryPoint\",\"urlTemplate\":\"https:\/\/www.creafone.com\/?s={search_term_string}\"},\"query-input\":{\"@type\":\"PropertyValueSpecification\",\"valueRequired\":true,\"valueName\":\"search_term_string\"}}],\"inLanguage\":\"en-US\"},{\"@type\":\"Organization\",\"@id\":\"https:\/\/www.creafone.com\/#organization\",\"name\":\"Creafone\",\"url\":\"https:\/\/www.creafone.com\/\",\"logo\":{\"@type\":\"ImageObject\",\"inLanguage\":\"en-US\",\"@id\":\"https:\/\/www.creafone.com\/#\/schema\/logo\/image\/\",\"url\":\"https:\/\/www.creafone.com\/wp-content\/uploads\/2021\/09\/Creafone_LogoSon.png\",\"contentUrl\":\"https:\/\/www.creafone.com\/wp-content\/uploads\/2021\/09\/Creafone_LogoSon.png\",\"width\":250,\"height\":34,\"caption\":\"Creafone\"},\"image\":{\"@id\":\"https:\/\/www.creafone.com\/#\/schema\/logo\/image\/\"},\"sameAs\":[\"https:\/\/www.facebook.com\/creafonecc\/\",\"https:\/\/x.com\/creafone\",\"https:\/\/www.instagram.com\/creafonecc\",\"https:\/\/linkedin.com\/company\/creafone\"]}]}<\/script>\n<!-- \/ Yoast SEO plugin. -->","yoast_head_json":{"title":"Tele Sipari\u015f , TV Shopping, TV Al\u0131\u015fveri\u015f","description":"Tele Sipari\u015f ile TV Kanallar\u0131nda ,Internette, SMS g\u00f6nderimleri gibi mecralarda ki reklamlar\u0131n\u0131za 7\/24 destek verir, sat\u0131\u015f ve hizmet kalitenizi art\u0131r\u0131rs\u0131n\u0131z.","robots":{"index":"index","follow":"follow","max-snippet":"max-snippet:-1","max-image-preview":"max-image-preview:large","max-video-preview":"max-video-preview:-1"},"canonical":"https:\/\/www.creafone.com\/en\/tele-siparis\/","og_locale":"en_US","og_type":"article","og_title":"Tele Sipari\u015f ile TV Kanallar\u0131nda ,Internette, SMS g\u00f6nderimleri gibi mecralarda ki reklamlar\u0131n\u0131za 7\/24 destek verir, sat\u0131\u015f ve hizmet kalitenizi art\u0131r\u0131rs\u0131n\u0131z.","og_description":"Tele Sipari\u015f ile m\u00fc\u015fterileriniz size etkin bir \u015fekilde ula\u015f\u0131r, zamandan paradan tasarruf edersiniz","og_url":"https:\/\/www.creafone.com\/en\/tele-siparis\/","og_site_name":"CREAFONE","article_publisher":"https:\/\/www.facebook.com\/creafonecc\/","twitter_card":"summary_large_image","twitter_image":"http:\/\/www.creafone.com\/wp-content\/uploads\/2014\/07\/Tele_Siparis.png","twitter_site":"@creafone","twitter_misc":{"Est. reading time":"1 minute"},"schema":{"@context":"https:\/\/schema.org","@graph":[{"@type":"WebPage","@id":"https:\/\/www.creafone.com\/en\/tele-siparis\/","url":"https:\/\/www.creafone.com\/en\/tele-siparis\/","name":"Tele Sipari\u015f , TV Shopping, TV Al\u0131\u015fveri\u015f","isPartOf":{"@id":"https:\/\/www.creafone.com\/#website"},"primaryImageOfPage":{"@id":"https:\/\/www.creafone.com\/en\/tele-siparis\/#primaryimage"},"image":{"@id":"https:\/\/www.creafone.com\/en\/tele-siparis\/#primaryimage"},"thumbnailUrl":"http:\/\/www.creafone.com\/wp-content\/uploads\/2014\/07\/Tele_Siparis.png","datePublished":"2014-07-30T22:51:28+00:00","description":"Tele Sipari\u015f ile TV Kanallar\u0131nda ,Internette, SMS g\u00f6nderimleri gibi mecralarda ki reklamlar\u0131n\u0131za 7\/24 destek verir, sat\u0131\u015f ve hizmet kalitenizi art\u0131r\u0131rs\u0131n\u0131z.","breadcrumb":{"@id":"https:\/\/www.creafone.com\/en\/tele-siparis\/#breadcrumb"},"inLanguage":"en-US","potentialAction":[{"@type":"ReadAction","target":["https:\/\/www.creafone.com\/en\/tele-siparis\/"]}]},{"@type":"ImageObject","inLanguage":"en-US","@id":"https:\/\/www.creafone.com\/en\/tele-siparis\/#primaryimage","url":"http:\/\/www.creafone.com\/wp-content\/uploads\/2014\/07\/Tele_Siparis.png","contentUrl":"http:\/\/www.creafone.com\/wp-content\/uploads\/2014\/07\/Tele_Siparis.png"},{"@type":"BreadcrumbList","@id":"https:\/\/www.creafone.com\/en\/tele-siparis\/#breadcrumb","itemListElement":[{"@type":"ListItem","position":1,"name":"Anasayfa","item":"https:\/\/www.creafone.com\/"},{"@type":"ListItem","position":2,"name":"Tele Sipari\u015f"}]},{"@type":"WebSite","@id":"https:\/\/www.creafone.com\/#website","url":"https:\/\/www.creafone.com\/","name":"CREAFONE","description":"D\u0131\u015f Kaynak \u00c7a\u011fr\u0131 Merkezi","publisher":{"@id":"https:\/\/www.creafone.com\/#organization"},"potentialAction":[{"@type":"SearchAction","target":{"@type":"EntryPoint","urlTemplate":"https:\/\/www.creafone.com\/?s={search_term_string}"},"query-input":{"@type":"PropertyValueSpecification","valueRequired":true,"valueName":"search_term_string"}}],"inLanguage":"en-US"},{"@type":"Organization","@id":"https:\/\/www.creafone.com\/#organization","name":"Creafone","url":"https:\/\/www.creafone.com\/","logo":{"@type":"ImageObject","inLanguage":"en-US","@id":"https:\/\/www.creafone.com\/#\/schema\/logo\/image\/","url":"https:\/\/www.creafone.com\/wp-content\/uploads\/2021\/09\/Creafone_LogoSon.png","contentUrl":"https:\/\/www.creafone.com\/wp-content\/uploads\/2021\/09\/Creafone_LogoSon.png","width":250,"height":34,"caption":"Creafone"},"image":{"@id":"https:\/\/www.creafone.com\/#\/schema\/logo\/image\/"},"sameAs":["https:\/\/www.facebook.com\/creafonecc\/","https:\/\/x.com\/creafone","https:\/\/www.instagram.com\/creafonecc","https:\/\/linkedin.com\/company\/creafone"]}]}},"_links":{"self":[{"href":"https:\/\/www.creafone.com\/en\/wp-json\/wp\/v2\/pages\/619","targetHints":{"allow":["GET"]}}],"collection":[{"href":"https:\/\/www.creafone.com\/en\/wp-json\/wp\/v2\/pages"}],"about":[{"href":"https:\/\/www.creafone.com\/en\/wp-json\/wp\/v2\/types\/page"}],"author":[{"embeddable":true,"href":"https:\/\/www.creafone.com\/en\/wp-json\/wp\/v2\/users\/1"}],"replies":[{"embeddable":true,"href":"https:\/\/www.creafone.com\/en\/wp-json\/wp\/v2\/comments?post=619"}],"version-history":[{"count":0,"href":"https:\/\/www.creafone.com\/en\/wp-json\/wp\/v2\/pages\/619\/revisions"}],"wp:attachment":[{"href":"https:\/\/www.creafone.com\/en\/wp-json\/wp\/v2\/media?parent=619"}],"curies":[{"name":"wp","href":"https:\/\/api.w.org\/{rel}","templated":true}]}}